{"id":2723,"date":"2025-09-15T16:34:36","date_gmt":"2025-09-15T14:34:36","guid":{"rendered":"https:\/\/huiskamp.voorjehetweet.online\/aanbod\/"},"modified":"2026-02-13T11:28:50","modified_gmt":"2026-02-13T10:28:50","slug":"aanbod","status":"publish","type":"page","link":"https:\/\/huiskamp.voorjehetweet.online\/de\/aanbod\/","title":{"rendered":"Fahrzeuge"},"content":{"rendered":"<div class=\"fusion-fullwidth fullwidth-box fusion-builder-row-1 fusion-flex-container has-pattern-background has-mask-background pull-over-divider nonhundred-percent-fullwidth non-hundred-percent-height-scrolling\" style=\"--awb-border-radius-top-left:0px;--awb-border-radius-top-right:0px;--awb-border-radius-bottom-right:0px;--awb-border-radius-bottom-left:0px;--awb-flex-wrap:wrap;\" ><div class=\"fusion-builder-row fusion-row fusion-flex-align-items-flex-end fusion-flex-justify-content-center fusion-flex-content-wrap\" style=\"max-width:1664px;margin-left: calc(-4% \/ 2 );margin-right: calc(-4% \/ 2 );\"><div class=\"fusion-layout-column fusion_builder_column fusion-builder-column-0 fusion_builder_column_1_1 1_1 fusion-flex-column\" style=\"--awb-bg-size:cover;--awb-width-large:100%;--awb-margin-top-large:0px;--awb-spacing-right-large:1.92%;--awb-margin-bottom-large:-50px;--awb-spacing-left-large:1.92%;--awb-width-medium:100%;--awb-order-medium:0;--awb-spacing-right-medium:1.92%;--awb-spacing-left-medium:1.92%;--awb-width-small:100%;--awb-order-small:0;--awb-spacing-right-small:1.92%;--awb-spacing-left-small:1.92%;\" data-scroll-devices=\"small-visibility,medium-visibility,large-visibility\"><div class=\"fusion-column-wrapper fusion-column-has-shadow fusion-flex-justify-content-flex-start fusion-content-layout-column\"><div class=\"terms-wrapper aanbod-type \"data-template=\"aanbodTypes\"><div class=\"terms-container\"><a href=\"https:\/\/huiskamp.voorjehetweet.online\/de\/aanbod-type\/bestattungslimousinen\/\"  class=\"single single-aanbod-type\" data-taxonomy=\"aanbod-type\" data-term-id=\"29\" data-ajax-filter=\"true\"><div class=\"term-image\"><img decoding=\"async\" src=\"https:\/\/huiskamp.voorjehetweet.online\/wp-content\/uploads\/2025\/11\/Statieautos.svg\" alt=\"\" title=\"Statieauto&#8217;s\" class=\"image\" \/><\/div><div class=\"term-content\"><h3 class=\"title\">Bestattungslimousinen<\/h3><div class=\"content\">Die Bestattungslimousinen von Huiskamp Carrosseriefabriek sind exklusive Ma\u00dfanfertigungen. Stilvoll gestaltet, bis ins Detail ausgearbeitet und mit h\u00f6chster Sorgfalt umgesetzt. Sie vereinen repr\u00e4sentative Ausstrahlung mit funktionaler Perfektion und unterstreichen den besonderen Charakter einer Trauerfeier.<\/div><\/div><\/a><a href=\"https:\/\/huiskamp.voorjehetweet.online\/de\/aanbod-type\/ueberfuehrungsfahrzeuge\/\"  class=\"single single-aanbod-type\" data-taxonomy=\"aanbod-type\" data-term-id=\"31\" data-ajax-filter=\"true\"><div class=\"term-image\"><img decoding=\"async\" src=\"https:\/\/huiskamp.voorjehetweet.online\/wp-content\/uploads\/2025\/11\/Rouwtransport.svg\" alt=\"\" title=\"Rouwtransport\" class=\"image\" \/><\/div><div class=\"term-content\"><h3 class=\"title\">\u00dcberf\u00fchrungsfahrzeuge<\/h3><div class=\"content\">Die \u00dcberf\u00fchrungsfahrzeuge von Huiskamp Carrosseriefabriek stehen f\u00fcr Zuverl\u00e4ssigkeit, Funktionalit\u00e4t und eine zur\u00fcckhaltende, w\u00fcrdige Ausf\u00fchrung. Ergonomisch durchdacht und praxisorientiert konzipiert, bieten sie optimale Bedingungen f\u00fcr einen professionellen Einsatz im t\u00e4glichen Betrieb.<\/div><\/div><\/a><a href=\"https:\/\/huiskamp.voorjehetweet.online\/de\/aanbod-type\/verfuegbare-fahrzeuge\/\"  class=\"single single-aanbod-type\" data-taxonomy=\"aanbod-type\" data-term-id=\"33\" data-ajax-filter=\"true\"><div class=\"term-image\"><img decoding=\"async\" src=\"https:\/\/huiskamp.voorjehetweet.online\/wp-content\/uploads\/2025\/11\/Occasions.svg\" alt=\"\" title=\"Occasions\" class=\"image\" \/><\/div><div class=\"term-content\"><h3 class=\"title\">Verf\u00fcgbare Fahrzeuge<\/h3><div class=\"content\">Die verf\u00fcgbaren Fahrzeuge von Huiskamp Carrosseriefabriek umfassen neue und neuwertige Bestattungsfahrzeuge, die kurzfristig einsatzbereit sind. Sorgf\u00e4ltig ausgew\u00e4hlt und selbstverst\u00e4ndlich individuell an die Anforderungen Ihrer Organisation anpassbar.<\/div><\/div><\/a><\/div><\/div><\/div><\/div><\/div><\/div>\n","protected":false},"excerpt":{"rendered":"","protected":false},"author":1,"featured_media":0,"parent":0,"menu_order":0,"comment_status":"closed","ping_status":"closed","template":"100-width.php","meta":{"footnotes":""},"class_list":["post-2723","page","type-page","status-publish","hentry"],"_links":{"self":[{"href":"https:\/\/huiskamp.voorjehetweet.online\/de\/wp-json\/wp\/v2\/pages\/2723","targetHints":{"allow":["GET"]}}],"collection":[{"href":"https:\/\/huiskamp.voorjehetweet.online\/de\/wp-json\/wp\/v2\/pages"}],"about":[{"href":"https:\/\/huiskamp.voorjehetweet.online\/de\/wp-json\/wp\/v2\/types\/page"}],"author":[{"embeddable":true,"href":"https:\/\/huiskamp.voorjehetweet.online\/de\/wp-json\/wp\/v2\/users\/1"}],"replies":[{"embeddable":true,"href":"https:\/\/huiskamp.voorjehetweet.online\/de\/wp-json\/wp\/v2\/comments?post=2723"}],"version-history":[{"count":3,"href":"https:\/\/huiskamp.voorjehetweet.online\/de\/wp-json\/wp\/v2\/pages\/2723\/revisions"}],"predecessor-version":[{"id":3157,"href":"https:\/\/huiskamp.voorjehetweet.online\/de\/wp-json\/wp\/v2\/pages\/2723\/revisions\/3157"}],"wp:attachment":[{"href":"https:\/\/huiskamp.voorjehetweet.online\/de\/wp-json\/wp\/v2\/media?parent=2723"}],"curies":[{"name":"wp","href":"https:\/\/api.w.org\/{rel}","templated":true}]}}