{"id":2829,"date":"2026-01-23T09:35:16","date_gmt":"2026-01-23T08:35:16","guid":{"rendered":"https:\/\/huiskamp.voorjehetweet.online\/vacatures\/"},"modified":"2026-01-26T12:21:32","modified_gmt":"2026-01-26T11:21:32","slug":"vacatures","status":"publish","type":"page","link":"https:\/\/huiskamp.voorjehetweet.online\/de\/vacatures\/","title":{"rendered":"Karriere"},"content":{"rendered":"<div class=\"fusion-fullwidth fullwidth-box fusion-builder-row-1 fusion-flex-container has-pattern-background has-mask-background nonhundred-percent-fullwidth non-hundred-percent-height-scrolling\" style=\"--awb-border-radius-top-left:0px;--awb-border-radius-top-right:0px;--awb-border-radius-bottom-right:0px;--awb-border-radius-bottom-left:0px;--awb-flex-wrap:wrap;\" ><div class=\"fusion-builder-row fusion-row fusion-flex-align-items-flex-end fusion-flex-justify-content-center fusion-flex-content-wrap\" style=\"max-width:1664px;margin-left: calc(-4% \/ 2 );margin-right: calc(-4% \/ 2 );\"><div class=\"fusion-layout-column fusion_builder_column fusion-builder-column-0 fusion_builder_column_1_1 1_1 fusion-flex-column\" style=\"--awb-bg-size:cover;--awb-width-large:100%;--awb-margin-top-large:0px;--awb-spacing-right-large:1.92%;--awb-margin-bottom-large:32px;--awb-spacing-left-large:1.92%;--awb-width-medium:100%;--awb-order-medium:0;--awb-spacing-right-medium:1.92%;--awb-spacing-left-medium:1.92%;--awb-width-small:100%;--awb-order-small:0;--awb-spacing-right-small:1.92%;--awb-spacing-left-small:1.92%;\"><div class=\"fusion-column-wrapper fusion-column-has-shadow fusion-flex-justify-content-flex-start fusion-content-layout-column\"><\/div><\/div><div class=\"fusion-layout-column fusion_builder_column fusion-builder-column-1 fusion_builder_column_1_1 1_1 fusion-flex-column\" style=\"--awb-bg-size:cover;--awb-width-large:100%;--awb-margin-top-large:0px;--awb-spacing-right-large:1.92%;--awb-margin-bottom-large:32px;--awb-spacing-left-large:1.92%;--awb-width-medium:100%;--awb-order-medium:0;--awb-spacing-right-medium:1.92%;--awb-spacing-left-medium:1.92%;--awb-width-small:100%;--awb-order-small:0;--awb-spacing-right-small:1.92%;--awb-spacing-left-small:1.92%;\"><div class=\"fusion-column-wrapper fusion-column-has-shadow fusion-flex-justify-content-flex-start fusion-content-layout-column\"><div class=\"shortcode-wrapper\" id=\"shortcode_69d8e41eeebfd\"><div class=\"posts-wrapper vacatures \"data-template=\"vacatures\" data-shortcode-id=\"shortcode_69d8e41eeebfd\"><div class=\"posts-container\"><a href=\"https:\/\/huiskamp.voorjehetweet.online\/de\/vacatures\/voorbewerker-autospuiter-schadeherstelafdeling\/\" class=\"single single-vacatures\"><div class=\"post-image\"><img decoding=\"async\" src=\"https:\/\/huiskamp.voorjehetweet.online\/wp-content\/uploads\/2025\/09\/istockphoto-1313236906-612x612-1.jpg\" alt=\"\" title=\"Spuitcabine\" class=\"image\" \/><\/div><div class=\"post-content\"><div class=\"vacature-info\"><span><i class=\"fa-light fa-location-dot\"><\/i>Winterswijk<\/span><span><i class=\"fa-light fa-clock\"><\/i>Fulltime<\/span><\/div><h3 class=\"title\">Fahrzeuglackierer &#8211; Lackiervorbereiter Unfallinstandsetzung<\/h3><div class=\"content\">In unserer Abteilung f\u00fcr Karosserie- und Lacksch\u00e4den er\u00f6ffnen sich neue M\u00f6glichkeiten f\u00fcr Fahrzeugvorbereiter und Lackierer, Instandsetzungsarbeiten an bestehenden Fahrzeugen durchzuf\u00fchren. Gemeinsam mit einem engagierten Team von Kollegen bringen Sie Bestattungsfahrzeuge mit gr\u00f6\u00dfter Sorgfalt wieder in einen einwandfreien Zustand.<\/div><div class=\"button-wrapper\"><div class=\"button default\"><span class=\"button-text\">Stellenanzeige ansehen<\/span><\/div><\/div><\/div><\/a><a href=\"https:\/\/huiskamp.voorjehetweet.online\/de\/vacatures\/voorbewerker-autospuiter-carrosserieafdeling-2\/\" class=\"single single-vacatures\"><div class=\"post-image\"><img decoding=\"async\" src=\"https:\/\/huiskamp.voorjehetweet.online\/wp-content\/uploads\/2025\/09\/Spuiterij-scaled.jpg\" alt=\"\" title=\"Spuiterij\" class=\"image\" \/><\/div><div class=\"post-content\"><div class=\"vacature-info\"><span><i class=\"fa-light fa-location-dot\"><\/i>Winterswijk<\/span><span><i class=\"fa-light fa-clock\"><\/i>Fulltime<\/span><\/div><h3 class=\"title\">Fahrzeugvorbereiter \u2013 Fahrzeuglackierer Karosserieabteilung<\/h3><div class=\"content\">In unserer Lackiererei wird die Karosserie mit dem Fahrgestell verbunden und bis ins Detail perfekt vorbereitet und lackiert. Hier kannst du einen direkten Beitrag zu Fahrzeugen der Spitzenklasse leisten. Gemeinsam mit einem eingespielten Team sorgst du daf\u00fcr, dass jedes Huiskamp-Meisterst\u00fcck in makellosem Zustand unser Werk verl\u00e4sst.<\/div><div class=\"button-wrapper\"><div class=\"button default\"><span class=\"button-text\">Stellenanzeige ansehen<\/span><\/div><\/div><\/div><\/a><a href=\"https:\/\/huiskamp.voorjehetweet.online\/de\/vacatures\/voorbewerker-autospuiter-carrosserieafdeling\/\" class=\"single single-vacatures\"><div class=\"post-image\"><img decoding=\"async\" src=\"https:\/\/huiskamp.voorjehetweet.online\/wp-content\/uploads\/2025\/09\/Stoffeerderij-scaled.jpg\" alt=\"\" title=\"Stoffeerderij\" class=\"image\" \/><\/div><div class=\"post-content\"><div class=\"vacature-info\"><span><i class=\"fa-light fa-location-dot\"><\/i>Winterswijk<\/span><span><i class=\"fa-light fa-clock\"><\/i>Fulltime<\/span><\/div><h3 class=\"title\">Dein Talent bei Huiskamp<\/h3><div class=\"content\">Ist deine Position nicht aufgef\u00fchrt, m\u00f6chtest du aber an hochwertigen Fahrzeugen arbeiten und kannst dir vorstellen, einen wertvollen Beitrag zum Team von Huiskamp Carrosseriefabriek zu leisten? Wir freuen uns auf motivierte Fachkr\u00e4fte, die Qualit\u00e4t sch\u00e4tzen und stolz auf ihre Arbeit sind.<\/div><div class=\"button-wrapper\"><div class=\"button default\"><span class=\"button-text\">Stellenanzeige ansehen<\/span><\/div><\/div><\/div><\/a><\/div><\/div><\/div><\/div><\/div><\/div><\/div>\n","protected":false},"excerpt":{"rendered":"","protected":false},"author":1,"featured_media":0,"parent":0,"menu_order":0,"comment_status":"closed","ping_status":"closed","template":"100-width.php","meta":{"footnotes":""},"class_list":["post-2829","page","type-page","status-publish","hentry"],"_links":{"self":[{"href":"https:\/\/huiskamp.voorjehetweet.online\/de\/wp-json\/wp\/v2\/pages\/2829","targetHints":{"allow":["GET"]}}],"collection":[{"href":"https:\/\/huiskamp.voorjehetweet.online\/de\/wp-json\/wp\/v2\/pages"}],"about":[{"href":"https:\/\/huiskamp.voorjehetweet.online\/de\/wp-json\/wp\/v2\/types\/page"}],"author":[{"embeddable":true,"href":"https:\/\/huiskamp.voorjehetweet.online\/de\/wp-json\/wp\/v2\/users\/1"}],"replies":[{"embeddable":true,"href":"https:\/\/huiskamp.voorjehetweet.online\/de\/wp-json\/wp\/v2\/comments?post=2829"}],"version-history":[{"count":1,"href":"https:\/\/huiskamp.voorjehetweet.online\/de\/wp-json\/wp\/v2\/pages\/2829\/revisions"}],"predecessor-version":[{"id":2830,"href":"https:\/\/huiskamp.voorjehetweet.online\/de\/wp-json\/wp\/v2\/pages\/2829\/revisions\/2830"}],"wp:attachment":[{"href":"https:\/\/huiskamp.voorjehetweet.online\/de\/wp-json\/wp\/v2\/media?parent=2829"}],"curies":[{"name":"wp","href":"https:\/\/api.w.org\/{rel}","templated":true}]}}