{"id":2857,"date":"2025-09-04T09:53:07","date_gmt":"2025-09-04T07:53:07","guid":{"rendered":"https:\/\/huiskamp.voorjehetweet.online\/rouwtransport\/"},"modified":"2026-02-13T11:23:23","modified_gmt":"2026-02-13T10:23:23","slug":"ueberfuehrungsfahrzeuge","status":"publish","type":"page","link":"https:\/\/huiskamp.voorjehetweet.online\/de\/ueberfuehrungsfahrzeuge\/","title":{"rendered":"\u00dcberf\u00fchrungsfahrzeuge"},"content":{"rendered":"<p><div class=\"fusion-fullwidth fullwidth-box fusion-builder-row-1 fusion-flex-container has-pattern-background has-mask-background nonhundred-percent-fullwidth non-hundred-percent-height-scrolling\" style=\"--awb-border-radius-top-left:0px;--awb-border-radius-top-right:0px;--awb-border-radius-bottom-right:0px;--awb-border-radius-bottom-left:0px;--awb-flex-wrap:wrap;\" ><div class=\"fusion-builder-row fusion-row fusion-flex-align-items-stretch fusion-flex-content-wrap\" style=\"max-width:1664px;margin-left: calc(-4% \/ 2 );margin-right: calc(-4% \/ 2 );\"><div class=\"fusion-layout-column fusion_builder_column fusion-builder-column-0 fusion_builder_column_1_1 1_1 fusion-flex-column\" style=\"--awb-bg-size:cover;--awb-width-large:100%;--awb-margin-top-large:0px;--awb-spacing-right-large:1.92%;--awb-margin-bottom-large:32px;--awb-spacing-left-large:1.92%;--awb-width-medium:100%;--awb-order-medium:0;--awb-spacing-right-medium:1.92%;--awb-spacing-left-medium:1.92%;--awb-width-small:100%;--awb-order-small:0;--awb-spacing-right-small:1.92%;--awb-spacing-left-small:1.92%;\"><div class=\"fusion-column-wrapper fusion-column-has-shadow fusion-flex-justify-content-flex-start fusion-content-layout-column\"><div class=\"shortcode-wrapper\" id=\"shortcode_69d8e41ceea58\"><div class=\"posts-wrapper aanbod archive\"data-template=\"aanbodRouwtransport\" data-shortcode-id=\"shortcode_69d8e41ceea58\"><div class=\"posts-container\"><a href=\"https:\/\/huiskamp.voorjehetweet.online\/de\/aanbod\/vito-v-klasse\/\" class=\"single single-aanbod\"><div class=\"post-image\"><img decoding=\"async\" src=\"https:\/\/huiskamp.voorjehetweet.online\/wp-content\/uploads\/2025\/12\/EQV-e1764603579947.png\" alt=\"\" title=\"EQV\" class=\"image\" \/><\/div><div class=\"post-content\"><h3 class=\"title\">Mercedes Vito und V-Klasse<\/h3><div class=\"content\">Optimal konfigurierbar f\u00fcr jeden Einsatz<\/div><\/div><\/a><a href=\"https:\/\/huiskamp.voorjehetweet.online\/de\/aanbod\/elektrischeid-buzzrouwauto\/\" class=\"single single-aanbod\"><div class=\"post-image\"><img decoding=\"async\" src=\"https:\/\/huiskamp.voorjehetweet.online\/wp-content\/uploads\/2025\/12\/20250930-DHF_5207-e1764749122236.png\" alt=\"\" title=\"20250930-DHF_5207\" class=\"image\" \/><\/div><div class=\"post-content\"><h3 class=\"title\">Volkswagen ID. Buzz<\/h3><div class=\"content\">Vollelektrisch mit markantem Design<\/div><\/div><\/a><a href=\"https:\/\/huiskamp.voorjehetweet.online\/de\/aanbod\/chrysler-pacifica\/\" class=\"single single-aanbod\"><div class=\"post-image\"><img decoding=\"async\" src=\"https:\/\/huiskamp.voorjehetweet.online\/wp-content\/uploads\/2025\/12\/Pacifica-e1765286465831.png\" alt=\"\" title=\"Pacifica\" class=\"image\" \/><\/div><div class=\"post-content\"><h3 class=\"title\">Chrysler Pacifica Huiskamp<\/h3><div class=\"content\">Praktischer Luxus, r\u00e4umlich angeordnet<\/div><\/div><\/a><a href=\"https:\/\/huiskamp.voorjehetweet.online\/de\/aanbod\/groot-volume-rouwtransport\/\" class=\"single single-aanbod\"><div class=\"post-image\"><img decoding=\"async\" src=\"https:\/\/huiskamp.voorjehetweet.online\/wp-content\/uploads\/2025\/12\/MAN-e1765286528428.png\" alt=\"\" title=\"MAN\" class=\"image\" \/><\/div><div class=\"post-content\"><h3 class=\"title\">Gro\u00dfvolumige \u00dcberf\u00fchrungsfahrzeuge<\/h3><div class=\"content\">Maximale Kapazit\u00e4t<\/div><\/div><\/a><\/div><\/div><\/div><\/div><\/div><\/div><\/div><div class=\"fusion-fullwidth fullwidth-box fusion-builder-row-2 fusion-flex-container has-pattern-background has-mask-background nonhundred-percent-fullwidth non-hundred-percent-height-scrolling\" style=\"--awb-border-radius-top-left:0px;--awb-border-radius-top-right:0px;--awb-border-radius-bottom-right:0px;--awb-border-radius-bottom-left:0px;--awb-background-color:#1d1d1d;--awb-flex-wrap:wrap;\" ><div class=\"fusion-builder-row fusion-row fusion-flex-align-items-center fusion-flex-justify-content-center fusion-flex-content-wrap\" style=\"max-width:1664px;margin-left: calc(-4% \/ 2 );margin-right: calc(-4% \/ 2 );\"><div class=\"fusion-layout-column fusion_builder_column fusion-builder-column-1 fusion_builder_column_2_5 2_5 fusion-flex-column\" style=\"--awb-bg-size:cover;--awb-width-large:40%;--awb-margin-top-large:0px;--awb-spacing-right-large:4.8%;--awb-margin-bottom-large:32px;--awb-spacing-left-large:4.8%;--awb-width-medium:40%;--awb-order-medium:0;--awb-spacing-right-medium:4.8%;--awb-spacing-left-medium:4.8%;--awb-width-small:100%;--awb-order-small:0;--awb-spacing-right-small:1.92%;--awb-spacing-left-small:1.92%;\"><div class=\"fusion-column-wrapper fusion-column-has-shadow fusion-flex-justify-content-flex-start fusion-content-layout-column\"><div class=\"fusion-image-element \" style=\"--awb-aspect-ratio:1 \/ 1;--awb-caption-title-font-family:var(--h2_typography-font-family);--awb-caption-title-font-weight:var(--h2_typography-font-weight);--awb-caption-title-font-style:var(--h2_typography-font-style);--awb-caption-title-size:var(--h2_typography-font-size);--awb-caption-title-transform:var(--h2_typography-text-transform);--awb-caption-title-line-height:var(--h2_typography-line-height);--awb-caption-title-letter-spacing:var(--h2_typography-letter-spacing);\"><span class=\" fusion-imageframe imageframe-none imageframe-1 hover-type-none has-aspect-ratio\" style=\"border-radius:16px;\"><img decoding=\"async\" width=\"1920\" height=\"1281\" title=\"Richard\" src=\"https:\/\/huiskamp.voorjehetweet.online\/wp-content\/uploads\/2025\/09\/Richard.jpg\" class=\"img-responsive wp-image-2171 img-with-aspect-ratio\" data-parent-fit=\"cover\" data-parent-container=\".fusion-image-element\" alt srcset=\"https:\/\/huiskamp.voorjehetweet.online\/wp-content\/uploads\/2025\/09\/Richard-768x512.jpg 768w, https:\/\/huiskamp.voorjehetweet.online\/wp-content\/uploads\/2025\/09\/Richard-1536x1025.jpg 1536w, https:\/\/huiskamp.voorjehetweet.online\/wp-content\/uploads\/2025\/09\/Richard.jpg 1920w\" sizes=\"(max-width: 1920px) 100vw, 1920px\" \/><\/span><\/div><\/div><\/div><div class=\"fusion-layout-column fusion_builder_column fusion-builder-column-2 fusion_builder_column_2_5 2_5 fusion-flex-column\" style=\"--awb-bg-size:cover;--awb-width-large:40%;--awb-margin-top-large:0px;--awb-spacing-right-large:4.8%;--awb-margin-bottom-large:32px;--awb-spacing-left-large:4.8%;--awb-width-medium:40%;--awb-order-medium:0;--awb-spacing-right-medium:4.8%;--awb-spacing-left-medium:4.8%;--awb-width-small:100%;--awb-order-small:0;--awb-spacing-right-small:1.92%;--awb-spacing-left-small:1.92%;\"><div class=\"fusion-column-wrapper fusion-column-has-shadow fusion-flex-justify-content-flex-start fusion-content-layout-column\"><div class=\"fusion-title title fusion-title-1 fusion-sep-none fusion-title-text fusion-title-size-two\" style=\"--awb-text-color:var(--awb-color1);\"><h2 class=\"fusion-title-heading title-heading-left fusion-responsive-typography-calculated\" style=\"margin:0;--fontSize:56;line-height:var(--awb-typography1-line-height);\">Bestattungstransportfahrzeuge von Huiskamp Carrosseriefabriek<\/h2><\/div><div class=\"fusion-text fusion-text-1\" style=\"--awb-text-color:#bcbbbb;\"><p data-start=\"615\" data-end=\"985\">Huiskamp Carrosseriefabriek entwickelt Bestattungstransportfahrzeuge und \u00dcberf\u00fchrungsfahrzeuge auf verschiedenen Basisfahrzeugen, die praktischen Raum mit einer zur\u00fcckhaltenden und piet\u00e4tvollen Ausstrahlung verbinden. Je nach Ausf\u00fchrung bieten sie Platz f\u00fcr zwei oder vier S\u00e4rge, erg\u00e4nzt durch durchdachte L\u00f6sungen wie Schubladen, Schr\u00e4nke und F\u00e4cher, die jeden Zentimeter effizient nutzen. Mit sorgf\u00e4ltig abgestimmter Ergonomie, hochwertigen und langlebigen Materialien sowie individuellen Ausstattungsoptionen entsteht ein Fahrzeug, das im t\u00e4glichen Einsatz logisch funktioniert und die Identit\u00e4t sowie die Abl\u00e4ufe Ihres Unternehmens st\u00e4rkt.<\/p>\n<\/div><\/div><\/div><\/div><\/div><\/p>\n","protected":false},"excerpt":{"rendered":"","protected":false},"author":1,"featured_media":0,"parent":0,"menu_order":0,"comment_status":"closed","ping_status":"closed","template":"100-width.php","meta":{"footnotes":""},"class_list":["post-2857","page","type-page","status-publish","hentry"],"_links":{"self":[{"href":"https:\/\/huiskamp.voorjehetweet.online\/de\/wp-json\/wp\/v2\/pages\/2857","targetHints":{"allow":["GET"]}}],"collection":[{"href":"https:\/\/huiskamp.voorjehetweet.online\/de\/wp-json\/wp\/v2\/pages"}],"about":[{"href":"https:\/\/huiskamp.voorjehetweet.online\/de\/wp-json\/wp\/v2\/types\/page"}],"author":[{"embeddable":true,"href":"https:\/\/huiskamp.voorjehetweet.online\/de\/wp-json\/wp\/v2\/users\/1"}],"replies":[{"embeddable":true,"href":"https:\/\/huiskamp.voorjehetweet.online\/de\/wp-json\/wp\/v2\/comments?post=2857"}],"version-history":[{"count":7,"href":"https:\/\/huiskamp.voorjehetweet.online\/de\/wp-json\/wp\/v2\/pages\/2857\/revisions"}],"predecessor-version":[{"id":3098,"href":"https:\/\/huiskamp.voorjehetweet.online\/de\/wp-json\/wp\/v2\/pages\/2857\/revisions\/3098"}],"wp:attachment":[{"href":"https:\/\/huiskamp.voorjehetweet.online\/de\/wp-json\/wp\/v2\/media?parent=2857"}],"curies":[{"name":"wp","href":"https:\/\/api.w.org\/{rel}","templated":true}]}}